{"id":100,"date":"2021-06-04T12:25:35","date_gmt":"2021-06-04T12:25:35","guid":{"rendered":"https:\/\/goodheartedbooks.com\/?page_id=100"},"modified":"2021-11-10T10:15:16","modified_gmt":"2021-11-10T10:15:16","slug":"cofondateurs","status":"publish","type":"page","link":"https:\/\/goodheartedbooks.com\/en\/cofounders\/","title":{"rendered":"Founders"},"content":{"rendered":"<div data-elementor-type=\"wp-page\" data-elementor-id=\"100\" class=\"elementor elementor-100\" data-elementor-post-type=\"page\">\n\t\t\t\t\t\t<section data-exad-particle-enable=\"false\" class=\"elementor-section elementor-top-section elementor-element elementor-element-c429de5 elementor-section-height-min-height elementor-section-boxed elementor-section-height-default elementor-section-items-middle exad-parallax-effect-no exad-background-color-change-no exad-glass-effect-no exad-sticky-section-no\" data-id=\"c429de5\" data-element_type=\"section\" data-e-type=\"section\">\n\t\t\t\t\t\t<div class=\"elementor-container elementor-column-gap-default\">\n\t\t\t\t\t<div class=\"elementor-column elementor-col-100 elementor-top-column elementor-element elementor-element-6f0c4d1 exad-glass-effect-no exad-sticky-section-no\" data-id=\"6f0c4d1\" data-element_type=\"column\" data-e-type=\"column\">\n\t\t\t<div class=\"elementor-widget-wrap elementor-element-populated\">\n\t\t\t\t\t\t<div class=\"elementor-element elementor-element-2c3d570 exad-sticky-section-no exad-glass-effect-no elementor-widget elementor-widget-heading\" data-id=\"2c3d570\" data-element_type=\"widget\" data-e-type=\"widget\" data-widget_type=\"heading.default\">\n\t\t\t\t<div class=\"elementor-widget-container\">\n\t\t\t\t\t<h1 class=\"elementor-heading-title elementor-size-default\">The cofounders<\/h1>\t\t\t\t<\/div>\n\t\t\t\t<\/div>\n\t\t\t\t\t<\/div>\n\t\t<\/div>\n\t\t\t\t\t<\/div>\n\t\t<\/section>\n\t\t\t\t<section data-exad-particle-enable=\"false\" class=\"elementor-section elementor-top-section elementor-element elementor-element-90edf75 elementor-section-height-min-height elementor-section-items-stretch elementor-section-full_width elementor-section-height-default exad-parallax-effect-no exad-background-color-change-no exad-glass-effect-no exad-sticky-section-no\" data-id=\"90edf75\" data-element_type=\"section\" data-e-type=\"section\" data-settings=\"{&quot;background_background&quot;:&quot;classic&quot;}\">\n\t\t\t\t\t\t<div class=\"elementor-container elementor-column-gap-default\">\n\t\t\t\t\t<div class=\"elementor-column elementor-col-100 elementor-top-column elementor-element elementor-element-c2f27e5 exad-glass-effect-no exad-sticky-section-no\" data-id=\"c2f27e5\" data-element_type=\"column\" data-e-type=\"column\">\n\t\t\t<div class=\"elementor-widget-wrap\">\n\t\t\t\t\t\t\t<\/div>\n\t\t<\/div>\n\t\t\t\t\t<\/div>\n\t\t<\/section>\n\t\t\t\t<section data-exad-particle-enable=\"false\" class=\"elementor-section elementor-top-section elementor-element elementor-element-5513e5f elementor-section-boxed elementor-section-height-default elementor-section-height-default exad-parallax-effect-no exad-background-color-change-no exad-glass-effect-no exad-sticky-section-no\" data-id=\"5513e5f\" data-element_type=\"section\" data-e-type=\"section\">\n\t\t\t\t\t\t<div class=\"elementor-container elementor-column-gap-default\">\n\t\t\t\t\t<div class=\"elementor-column elementor-col-33 elementor-top-column elementor-element elementor-element-cec246f exad-glass-effect-no exad-sticky-section-no\" data-id=\"cec246f\" data-element_type=\"column\" data-e-type=\"column\">\n\t\t\t<div class=\"elementor-widget-wrap elementor-element-populated\">\n\t\t\t\t\t\t<div class=\"elementor-element elementor-element-bbfaee8 exad-sticky-section-no exad-glass-effect-no elementor-widget elementor-widget-image\" data-id=\"bbfaee8\" data-element_type=\"widget\" data-e-type=\"widget\" data-widget_type=\"image.default\">\n\t\t\t\t<div class=\"elementor-widget-container\">\n\t\t\t\t\t\t\t\t\t\t\t\t\t\t\t<img fetchpriority=\"high\" decoding=\"async\" width=\"684\" height=\"1024\" src=\"https:\/\/goodheartedbooks.com\/wp-content\/uploads\/2021\/06\/DSC_4980web-684x1024.jpg\" class=\"attachment-large size-large wp-image-364\" alt=\"\" srcset=\"https:\/\/goodheartedbooks.com\/wp-content\/uploads\/2021\/06\/DSC_4980web-684x1024.jpg 684w, https:\/\/goodheartedbooks.com\/wp-content\/uploads\/2021\/06\/DSC_4980web-200x300.jpg 200w, https:\/\/goodheartedbooks.com\/wp-content\/uploads\/2021\/06\/DSC_4980web-768x1151.jpg 768w, https:\/\/goodheartedbooks.com\/wp-content\/uploads\/2021\/06\/DSC_4980web-1025x1536.jpg 1025w, https:\/\/goodheartedbooks.com\/wp-content\/uploads\/2021\/06\/DSC_4980web.jpg 1367w\" sizes=\"(max-width: 684px) 100vw, 684px\" \/>\t\t\t\t\t\t\t\t\t\t\t\t\t\t\t<\/div>\n\t\t\t\t<\/div>\n\t\t\t\t\t<\/div>\n\t\t<\/div>\n\t\t\t\t<div class=\"elementor-column elementor-col-66 elementor-top-column elementor-element elementor-element-b3cea8a exad-glass-effect-no exad-sticky-section-no\" data-id=\"b3cea8a\" data-element_type=\"column\" data-e-type=\"column\">\n\t\t\t<div class=\"elementor-widget-wrap elementor-element-populated\">\n\t\t\t\t\t\t<div class=\"elementor-element elementor-element-00e0520 exad-sticky-section-no exad-glass-effect-no elementor-widget elementor-widget-heading\" data-id=\"00e0520\" data-element_type=\"widget\" data-e-type=\"widget\" data-widget_type=\"heading.default\">\n\t\t\t\t<div class=\"elementor-widget-container\">\n\t\t\t\t\t<h3 class=\"elementor-heading-title elementor-size-default\">Bachar Karroum<\/h3>\t\t\t\t<\/div>\n\t\t\t\t<\/div>\n\t\t\t\t<div class=\"elementor-element elementor-element-d9190cc exad-sticky-section-no exad-glass-effect-no elementor-widget elementor-widget-heading\" data-id=\"d9190cc\" data-element_type=\"widget\" data-e-type=\"widget\" data-widget_type=\"heading.default\">\n\t\t\t\t<div class=\"elementor-widget-container\">\n\t\t\t\t\t<h3 class=\"elementor-heading-title elementor-size-default\">President, Co-founder, and author of multiple bestsellers.<\/h3>\t\t\t\t<\/div>\n\t\t\t\t<\/div>\n\t\t\t\t<div class=\"elementor-element elementor-element-0bd7640 exad-sticky-section-no exad-glass-effect-no elementor-widget elementor-widget-text-editor\" data-id=\"0bd7640\" data-element_type=\"widget\" data-e-type=\"widget\" data-widget_type=\"text-editor.default\">\n\t\t\t\t<div class=\"elementor-widget-container\">\n\t\t\t\t\t\t\t\t\t<p>With the wish to transmit goodhearted values to his children, Bachar founded, with his wife, <strong>GoodHearted Books<\/strong> in 2017.<\/p><p>Fueled by higher purpose, it is after a career of more than 15 years in information technology and project management that Bachar wrote and published his first children's book. Following the creation of more than a dozen books published in multiple languages, including several \u201cbestsellers\u201d, he made the leap and created a publishing house.<\/p><p>One of the principal authors of <strong>GoodHearted Books<\/strong>, Bachar discovered the world of writing as an adult. \"It was during my graduate studies that my desire to simplify, democratize, and make the most complex concepts accessible to young people was born,\" he says. \u201cAnd doing so for my own child is what gave me the spark\u201d. This is how spiritual and personal development stories for children were born.<\/p><p>With a mission to disseminate thoughts, words, and ideas, Bachar seeks to contribute to a more human world, oriented towards open-mindedness, acceptance of others, continuous self-improvement, and benevolence towards others. According to him, all these values transcend cultures, religions, borders, and prejudices.<\/p><p>Born in Lebanon, he now lives in Montreal where he and his wife are raising their two children with the good values of two religions and the mixing of the cultures of the East and the West. Bachar holds an MBA from the University of Sherbrooke and a Bachelor of Computer Sciences from Universit\u00e9 du Qu\u00e9bec \u00e0 Montr\u00e9al.<\/p>\t\t\t\t\t\t\t\t<\/div>\n\t\t\t\t<\/div>\n\t\t\t\t\t<\/div>\n\t\t<\/div>\n\t\t\t\t\t<\/div>\n\t\t<\/section>\n\t\t\t\t<section data-exad-particle-enable=\"false\" class=\"elementor-section elementor-top-section elementor-element elementor-element-857f903 elementor-reverse-mobile elementor-section-boxed elementor-section-height-default elementor-section-height-default exad-parallax-effect-no exad-background-color-change-no exad-glass-effect-no exad-sticky-section-no\" data-id=\"857f903\" data-element_type=\"section\" data-e-type=\"section\" data-settings=\"{&quot;background_background&quot;:&quot;classic&quot;}\">\n\t\t\t\t\t\t<div class=\"elementor-container elementor-column-gap-default\">\n\t\t\t\t\t<div class=\"elementor-column elementor-col-66 elementor-top-column elementor-element elementor-element-b790def exad-glass-effect-no exad-sticky-section-no\" data-id=\"b790def\" data-element_type=\"column\" data-e-type=\"column\">\n\t\t\t<div class=\"elementor-widget-wrap elementor-element-populated\">\n\t\t\t\t\t\t<div class=\"elementor-element elementor-element-98a2b2d exad-sticky-section-no exad-glass-effect-no elementor-widget elementor-widget-heading\" data-id=\"98a2b2d\" data-element_type=\"widget\" data-e-type=\"widget\" data-widget_type=\"heading.default\">\n\t\t\t\t<div class=\"elementor-widget-container\">\n\t\t\t\t\t<h3 class=\"elementor-heading-title elementor-size-default\">Aline Massouh<\/h3>\t\t\t\t<\/div>\n\t\t\t\t<\/div>\n\t\t\t\t<div class=\"elementor-element elementor-element-5c690bd exad-sticky-section-no exad-glass-effect-no elementor-widget elementor-widget-heading\" data-id=\"5c690bd\" data-element_type=\"widget\" data-e-type=\"widget\" data-widget_type=\"heading.default\">\n\t\t\t\t<div class=\"elementor-widget-container\">\n\t\t\t\t\t<h3 class=\"elementor-heading-title elementor-size-default\">Vice-President and Co-founder<\/h3>\t\t\t\t<\/div>\n\t\t\t\t<\/div>\n\t\t\t\t<div class=\"elementor-element elementor-element-3db282b exad-sticky-section-no exad-glass-effect-no elementor-widget elementor-widget-text-editor\" data-id=\"3db282b\" data-element_type=\"widget\" data-e-type=\"widget\" data-widget_type=\"text-editor.default\">\n\t\t\t\t<div class=\"elementor-widget-container\">\n\t\t\t\t\t\t\t\t\t<p>Born from the desire of wanting to ignite the hearts and minds of her two children, Aline, with her husband, founded <strong>GoodHearted Books<\/strong> in 2017.<\/p><p>Aline has over 15 years of experience in marketing and product development working in the toy, mobile gaming, and aerospace industries. An innovation aficionada, she thrives on translating customer needs and insights into impactful products that make a difference. Though having learned a lot from her multiple roles in the corporate world, Aline has always had a calling to explore entrepreneurship and to create something of her own.<\/p><p>Aline\u2019s greatest motivation in life is to have a positive impact in the world, however small, \u201cby sowing a little kindness, and inspiration to demonstrate grit and grace through life, one child \u2013 and one book \u2013 at a time.\u201d  Aline via <strong>GoodHearted Books<\/strong> aims to encourage children to wear a creative lens through their lifelong journey and to give them the tools to develop and embrace their whole, truest, and highest selves.<\/p><p class=\"translation-block\">She holds a Master of Science in Marketing from HEC Montreal and a Bachelor of Commerce from Concordia University. Born in Montreal, Aline speaks four languages and was raised in a multicultural and diverse family of Canadian, Egyptian, Lebanese, and Italian origins. Living wholeheartedly, Aline brings her own colors and positive outlook to every <strong>GoodHearted Books<\/strong> creation.<\/p>\t\t\t\t\t\t\t\t<\/div>\n\t\t\t\t<\/div>\n\t\t\t\t\t<\/div>\n\t\t<\/div>\n\t\t\t\t<div class=\"elementor-column elementor-col-33 elementor-top-column elementor-element elementor-element-0c548b8 exad-glass-effect-no exad-sticky-section-no\" data-id=\"0c548b8\" data-element_type=\"column\" data-e-type=\"column\">\n\t\t\t<div class=\"elementor-widget-wrap elementor-element-populated\">\n\t\t\t\t\t\t<div class=\"elementor-element elementor-element-964b02b exad-sticky-section-no exad-glass-effect-no elementor-widget elementor-widget-image\" data-id=\"964b02b\" data-element_type=\"widget\" data-e-type=\"widget\" data-widget_type=\"image.default\">\n\t\t\t\t<div class=\"elementor-widget-container\">\n\t\t\t\t\t\t\t\t\t\t\t\t\t\t\t<img decoding=\"async\" width=\"732\" height=\"1024\" src=\"https:\/\/goodheartedbooks.com\/wp-content\/uploads\/2021\/06\/DSC_5537WEB-732x1024.jpg\" class=\"attachment-large size-large wp-image-365\" alt=\"\" srcset=\"https:\/\/goodheartedbooks.com\/wp-content\/uploads\/2021\/06\/DSC_5537WEB-732x1024.jpg 732w, https:\/\/goodheartedbooks.com\/wp-content\/uploads\/2021\/06\/DSC_5537WEB-214x300.jpg 214w, https:\/\/goodheartedbooks.com\/wp-content\/uploads\/2021\/06\/DSC_5537WEB-768x1075.jpg 768w, https:\/\/goodheartedbooks.com\/wp-content\/uploads\/2021\/06\/DSC_5537WEB-1097x1536.jpg 1097w, https:\/\/goodheartedbooks.com\/wp-content\/uploads\/2021\/06\/DSC_5537WEB.jpg 1463w\" sizes=\"(max-width: 732px) 100vw, 732px\" \/>\t\t\t\t\t\t\t\t\t\t\t\t\t\t\t<\/div>\n\t\t\t\t<\/div>\n\t\t\t\t\t<\/div>\n\t\t<\/div>\n\t\t\t\t\t<\/div>\n\t\t<\/section>\n\t\t\t\t<section data-exad-particle-enable=\"false\" class=\"elementor-section elementor-top-section elementor-element elementor-element-7f6bea5 elementor-section-height-min-height elementor-hidden-desktop elementor-hidden-tablet elementor-hidden-mobile elementor-section-boxed elementor-section-height-default elementor-section-items-middle exad-parallax-effect-no exad-background-color-change-no exad-glass-effect-no exad-sticky-section-no\" data-id=\"7f6bea5\" data-element_type=\"section\" data-e-type=\"section\" data-settings=\"{&quot;background_background&quot;:&quot;classic&quot;}\">\n\t\t\t\t\t\t<div class=\"elementor-container elementor-column-gap-default\">\n\t\t\t\t\t<div class=\"elementor-column elementor-col-100 elementor-top-column elementor-element elementor-element-976cb3b exad-glass-effect-no exad-sticky-section-no\" data-id=\"976cb3b\" data-element_type=\"column\" data-e-type=\"column\">\n\t\t\t<div class=\"elementor-widget-wrap elementor-element-populated\">\n\t\t\t\t\t\t<div class=\"elementor-element elementor-element-7f02252 exad-sticky-section-no exad-glass-effect-no elementor-widget elementor-widget-heading\" data-id=\"7f02252\" data-element_type=\"widget\" data-e-type=\"widget\" data-widget_type=\"heading.default\">\n\t\t\t\t<div class=\"elementor-widget-container\">\n\t\t\t\t\t<h2 class=\"elementor-heading-title elementor-size-default\">We aspire to build the society of tomorrow<\/h2>\t\t\t\t<\/div>\n\t\t\t\t<\/div>\n\t\t\t\t<div class=\"elementor-element elementor-element-abf5308 exad-sticky-section-no exad-glass-effect-no elementor-widget elementor-widget-heading\" data-id=\"abf5308\" data-element_type=\"widget\" data-e-type=\"widget\" data-widget_type=\"heading.default\">\n\t\t\t\t<div class=\"elementor-widget-container\">\n\t\t\t\t\t<p class=\"elementor-heading-title elementor-size-default\">Kindness take precedence and transcend borders, race, and religions.<br> priment et transcendent les fronti\u00e8res, les races et les religions.<\/p>\t\t\t\t<\/div>\n\t\t\t\t<\/div>\n\t\t\t\t<section data-exad-particle-enable=\"false\" class=\"elementor-section elementor-inner-section elementor-element elementor-element-460a3d2 elementor-section-height-min-height elementor-section-content-middle elementor-section-boxed elementor-section-height-default exad-parallax-effect-no exad-background-color-change-no exad-glass-effect-no exad-sticky-section-no\" data-id=\"460a3d2\" data-element_type=\"section\" data-e-type=\"section\">\n\t\t\t\t\t\t<div class=\"elementor-container elementor-column-gap-default\">\n\t\t\t\t\t<div class=\"elementor-column elementor-col-50 elementor-inner-column elementor-element elementor-element-72943f3 exad-glass-effect-no exad-sticky-section-no\" data-id=\"72943f3\" data-element_type=\"column\" data-e-type=\"column\">\n\t\t\t<div class=\"elementor-widget-wrap elementor-element-populated\">\n\t\t\t\t\t\t<div class=\"elementor-element elementor-element-02244e8 elementor-position-left elementor-vertical-align-middle exad-sticky-section-no exad-glass-effect-no elementor-widget elementor-widget-image-box\" data-id=\"02244e8\" data-element_type=\"widget\" data-e-type=\"widget\" data-widget_type=\"image-box.default\">\n\t\t\t\t<div class=\"elementor-widget-container\">\n\t\t\t\t\t<div class=\"elementor-image-box-wrapper\"><figure class=\"elementor-image-box-img\"><img decoding=\"async\" width=\"400\" height=\"400\" src=\"https:\/\/goodheartedbooks.com\/wp-content\/uploads\/2021\/06\/GHB-Good-Deeds-visitez-1.png\" class=\"attachment-full size-full wp-image-279\" alt=\"\" srcset=\"https:\/\/goodheartedbooks.com\/wp-content\/uploads\/2021\/06\/GHB-Good-Deeds-visitez-1.png 400w, https:\/\/goodheartedbooks.com\/wp-content\/uploads\/2021\/06\/GHB-Good-Deeds-visitez-1-300x300.png 300w, https:\/\/goodheartedbooks.com\/wp-content\/uploads\/2021\/06\/GHB-Good-Deeds-visitez-1-150x150.png 150w\" sizes=\"(max-width: 400px) 100vw, 400px\" \/><\/figure><div class=\"elementor-image-box-content\"><p class=\"elementor-image-box-description\">Visit your grandparents or call them up to check on their well-being.<\/p><\/div><\/div>\t\t\t\t<\/div>\n\t\t\t\t<\/div>\n\t\t\t\t\t<\/div>\n\t\t<\/div>\n\t\t\t\t<div class=\"elementor-column elementor-col-50 elementor-inner-column elementor-element elementor-element-95e22e8 exad-glass-effect-no exad-sticky-section-no\" data-id=\"95e22e8\" data-element_type=\"column\" data-e-type=\"column\">\n\t\t\t<div class=\"elementor-widget-wrap elementor-element-populated\">\n\t\t\t\t\t\t<div class=\"elementor-element elementor-element-d422719 elementor-position-left elementor-vertical-align-middle exad-sticky-section-no exad-glass-effect-no elementor-widget elementor-widget-image-box\" data-id=\"d422719\" data-element_type=\"widget\" data-e-type=\"widget\" data-widget_type=\"image-box.default\">\n\t\t\t\t<div class=\"elementor-widget-container\">\n\t\t\t\t\t<div class=\"elementor-image-box-wrapper\"><figure class=\"elementor-image-box-img\"><img loading=\"lazy\" decoding=\"async\" width=\"400\" height=\"400\" src=\"https:\/\/goodheartedbooks.com\/wp-content\/uploads\/2021\/06\/GHB-Good-Deeds-remerciez-dieu-1.png\" class=\"attachment-full size-full wp-image-278\" alt=\"\" srcset=\"https:\/\/goodheartedbooks.com\/wp-content\/uploads\/2021\/06\/GHB-Good-Deeds-remerciez-dieu-1.png 400w, https:\/\/goodheartedbooks.com\/wp-content\/uploads\/2021\/06\/GHB-Good-Deeds-remerciez-dieu-1-300x300.png 300w, https:\/\/goodheartedbooks.com\/wp-content\/uploads\/2021\/06\/GHB-Good-Deeds-remerciez-dieu-1-150x150.png 150w\" sizes=\"(max-width: 400px) 100vw, 400px\" \/><\/figure><div class=\"elementor-image-box-content\"><p class=\"elementor-image-box-description\">Do your part to keep your neighborhood clean. Pick up any litter you find lying on the ground and put it in the trash. <\/p><\/div><\/div>\t\t\t\t<\/div>\n\t\t\t\t<\/div>\n\t\t\t\t\t<\/div>\n\t\t<\/div>\n\t\t\t\t\t<\/div>\n\t\t<\/section>\n\t\t\t\t\t<\/div>\n\t\t<\/div>\n\t\t\t\t\t<\/div>\n\t\t<\/section>\n\t\t\t\t<\/div>","protected":false},"excerpt":{"rendered":"<p>les cofondateurs Bachar Karroum Pr\u00e9sident, co-fondateur et auteur de plusieurs best-sellers. D\u00e9sireux de transmettre de bonnes valeurs \u00e0 ses enfants, Bachar a fond\u00e9, avec son \u00e9pouse, GoodHearted Books en 2017. Anim\u00e9 par un profond d\u00e9sir de contribuer \u00e0 un monde meilleur, c&rsquo;est apr\u00e8s une carri\u00e8re de plus de 15 ans dans les technologies de l&rsquo;information [&hellip;]<\/p>\n","protected":false},"author":1,"featured_media":0,"parent":0,"menu_order":0,"comment_status":"closed","ping_status":"closed","template":"","meta":{"footnotes":""},"class_list":["post-100","page","type-page","status-publish","hentry"],"_links":{"self":[{"href":"https:\/\/goodheartedbooks.com\/en\/wp-json\/wp\/v2\/pages\/100","targetHints":{"allow":["GET"]}}],"collection":[{"href":"https:\/\/goodheartedbooks.com\/en\/wp-json\/wp\/v2\/pages"}],"about":[{"href":"https:\/\/goodheartedbooks.com\/en\/wp-json\/wp\/v2\/types\/page"}],"author":[{"embeddable":true,"href":"https:\/\/goodheartedbooks.com\/en\/wp-json\/wp\/v2\/users\/1"}],"replies":[{"embeddable":true,"href":"https:\/\/goodheartedbooks.com\/en\/wp-json\/wp\/v2\/comments?post=100"}],"version-history":[{"count":115,"href":"https:\/\/goodheartedbooks.com\/en\/wp-json\/wp\/v2\/pages\/100\/revisions"}],"predecessor-version":[{"id":2462,"href":"https:\/\/goodheartedbooks.com\/en\/wp-json\/wp\/v2\/pages\/100\/revisions\/2462"}],"wp:attachment":[{"href":"https:\/\/goodheartedbooks.com\/en\/wp-json\/wp\/v2\/media?parent=100"}],"curies":[{"name":"wp","href":"https:\/\/api.w.org\/{rel}","templated":true}]}}