{"id":1835,"date":"2021-07-20T19:51:03","date_gmt":"2021-07-20T19:51:03","guid":{"rendered":"https:\/\/goodheartedbooks.com\/?page_id=1835"},"modified":"2021-10-27T17:34:44","modified_gmt":"2021-10-27T17:34:44","slug":"auteurs-good-hearted-books","status":"publish","type":"page","link":"https:\/\/goodheartedbooks.com\/fr\/auteurs-good-hearted-books\/","title":{"rendered":"Auteurs"},"content":{"rendered":"\t\t<div data-elementor-type=\"wp-page\" data-elementor-id=\"1835\" class=\"elementor elementor-1835\" data-elementor-post-type=\"page\">\n\t\t\t\t\t\t<section data-exad-particle-enable=\"false\" class=\"elementor-section elementor-top-section elementor-element elementor-element-7bd5746 elementor-section-height-min-height elementor-section-boxed elementor-section-height-default elementor-section-items-middle exad-parallax-effect-no exad-background-color-change-no exad-glass-effect-no exad-sticky-section-no\" data-id=\"7bd5746\" data-element_type=\"section\" data-e-type=\"section\">\n\t\t\t\t\t\t<div class=\"elementor-container elementor-column-gap-default\">\n\t\t\t\t\t<div class=\"elementor-column elementor-col-100 elementor-top-column elementor-element elementor-element-55bef5f exad-glass-effect-no exad-sticky-section-no\" data-id=\"55bef5f\" data-element_type=\"column\" data-e-type=\"column\">\n\t\t\t<div class=\"elementor-widget-wrap elementor-element-populated\">\n\t\t\t\t\t\t<div class=\"elementor-element elementor-element-aa254b0 exad-sticky-section-no exad-glass-effect-no elementor-widget elementor-widget-heading\" data-id=\"aa254b0\" data-element_type=\"widget\" data-e-type=\"widget\" data-widget_type=\"heading.default\">\n\t\t\t\t<div class=\"elementor-widget-container\">\n\t\t\t\t\t<h3 class=\"elementor-heading-title elementor-size-default\">les auteurs de nos livres<\/h3>\t\t\t\t<\/div>\n\t\t\t\t<\/div>\n\t\t\t\t\t<\/div>\n\t\t<\/div>\n\t\t\t\t\t<\/div>\n\t\t<\/section>\n\t\t\t\t<section data-exad-particle-enable=\"false\" class=\"elementor-section elementor-top-section elementor-element elementor-element-234d095 elementor-section-height-min-height elementor-section-content-middle elementor-section-items-top elementor-section-boxed elementor-section-height-default exad-parallax-effect-no exad-background-color-change-no exad-glass-effect-no exad-sticky-section-no\" data-id=\"234d095\" data-element_type=\"section\" data-e-type=\"section\" data-settings=\"{&quot;background_background&quot;:&quot;classic&quot;}\">\n\t\t\t\t\t\t<div class=\"elementor-container elementor-column-gap-default\">\n\t\t\t\t\t<div class=\"elementor-column elementor-col-100 elementor-top-column elementor-element elementor-element-3272906 exad-glass-effect-no exad-sticky-section-no\" data-id=\"3272906\" data-element_type=\"column\" data-e-type=\"column\">\n\t\t\t<div class=\"elementor-widget-wrap elementor-element-populated\">\n\t\t\t\t\t\t<section data-exad-particle-enable=\"false\" class=\"elementor-section elementor-inner-section elementor-element elementor-element-a70a1f4 elementor-section-boxed elementor-section-height-default elementor-section-height-default exad-parallax-effect-no exad-background-color-change-no exad-glass-effect-no exad-sticky-section-no\" data-id=\"a70a1f4\" data-element_type=\"section\" data-e-type=\"section\">\n\t\t\t\t\t\t<div class=\"elementor-container elementor-column-gap-default\">\n\t\t\t\t\t<div class=\"elementor-column elementor-col-50 elementor-inner-column elementor-element elementor-element-c7e9b98 exad-glass-effect-no exad-sticky-section-no\" data-id=\"c7e9b98\" data-element_type=\"column\" data-e-type=\"column\" data-settings=\"{&quot;background_background&quot;:&quot;classic&quot;}\">\n\t\t\t<div class=\"elementor-widget-wrap elementor-element-populated\">\n\t\t\t\t\t\t<div class=\"elementor-element elementor-element-15e5022 exad-sticky-section-no exad-glass-effect-no elementor-widget elementor-widget-spacer\" data-id=\"15e5022\" data-element_type=\"widget\" data-e-type=\"widget\" data-widget_type=\"spacer.default\">\n\t\t\t\t<div class=\"elementor-widget-container\">\n\t\t\t\t\t\t\t<div class=\"elementor-spacer\">\n\t\t\t<div class=\"elementor-spacer-inner\"><\/div>\n\t\t<\/div>\n\t\t\t\t\t\t<\/div>\n\t\t\t\t<\/div>\n\t\t\t\t\t<\/div>\n\t\t<\/div>\n\t\t\t\t<div class=\"elementor-column elementor-col-50 elementor-inner-column elementor-element elementor-element-c159987 exad-glass-effect-no exad-sticky-section-no\" data-id=\"c159987\" data-element_type=\"column\" data-e-type=\"column\">\n\t\t\t<div class=\"elementor-widget-wrap elementor-element-populated\">\n\t\t\t\t\t\t<div class=\"elementor-element elementor-element-c3982fe exad-sticky-section-no exad-glass-effect-no elementor-widget elementor-widget-heading\" data-id=\"c3982fe\" data-element_type=\"widget\" data-e-type=\"widget\" data-widget_type=\"heading.default\">\n\t\t\t\t<div class=\"elementor-widget-container\">\n\t\t\t\t\t<h1 class=\"elementor-heading-title elementor-size-default\">Bachar Karroum<\/h1>\t\t\t\t<\/div>\n\t\t\t\t<\/div>\n\t\t\t\t<div class=\"elementor-element elementor-element-e763948 exad-sticky-section-no exad-glass-effect-no elementor-widget elementor-widget-text-editor\" data-id=\"e763948\" data-element_type=\"widget\" data-e-type=\"widget\" data-widget_type=\"text-editor.default\">\n\t\t\t\t<div class=\"elementor-widget-container\">\n\t\t\t\t\t\t\t\t\t<p>L&#8217;un des principaux auteurs de <strong>GoodHearted Books<\/strong>, Bachar a d\u00e9couvert le monde de l&#8217;\u00e9criture \u00e0 l&#8217;\u00e2ge adulte. \u00ab C&#8217;est au cours de mes \u00e9tudes sup\u00e9rieures qu&#8217;est n\u00e9 mon d\u00e9sir de simplifier, de d\u00e9mocratiser et de rendre accessibles aux jeunes les concepts les plus complexes, raconte-t-il. \u00ab Et de le faire pour mon propre enfant est ce qui m&#8217;a donn\u00e9 l&#8217;\u00e9tincelle \u00bb. C&#8217;est ainsi que sont n\u00e9es les histoires de d\u00e9veloppement spirituel et personnel pour enfants.<\/p><p>\u00a0<\/p><p>Avec pour mission de diffuser des pens\u00e9es, des mots et des id\u00e9es, Bachar cherche \u00e0 contribuer \u00e0 un monde plus humain, orient\u00e9 vers l&#8217;ouverture d&#8217;esprit, l&#8217;acceptation des autres, l&#8217;am\u00e9lioration continue de soi et la bienveillance envers les autres. Selon lui, toutes ces valeurs transcendent les cultures, les religions, les fronti\u00e8res et les pr\u00e9jug\u00e9s.<\/p>\t\t\t\t\t\t\t\t<\/div>\n\t\t\t\t<\/div>\n\t\t\t\t\t<\/div>\n\t\t<\/div>\n\t\t\t\t\t<\/div>\n\t\t<\/section>\n\t\t\t\t<section data-exad-particle-enable=\"false\" class=\"elementor-section elementor-inner-section elementor-element elementor-element-b1a9476 elementor-section-boxed elementor-section-height-default elementor-section-height-default exad-parallax-effect-no exad-background-color-change-no exad-glass-effect-no exad-sticky-section-no\" data-id=\"b1a9476\" data-element_type=\"section\" data-e-type=\"section\">\n\t\t\t\t\t\t<div class=\"elementor-container elementor-column-gap-default\">\n\t\t\t\t\t<div class=\"elementor-column elementor-col-50 elementor-inner-column elementor-element elementor-element-3108e82 exad-glass-effect-no exad-sticky-section-no\" data-id=\"3108e82\" data-element_type=\"column\" data-e-type=\"column\">\n\t\t\t<div class=\"elementor-widget-wrap elementor-element-populated\">\n\t\t\t\t\t\t<div class=\"elementor-element elementor-element-5a275b1 elementor-align-center exad-sticky-section-no exad-glass-effect-no elementor-widget elementor-widget-button\" data-id=\"5a275b1\" data-element_type=\"widget\" data-e-type=\"widget\" data-widget_type=\"button.default\">\n\t\t\t\t<div class=\"elementor-widget-container\">\n\t\t\t\t\t\t\t\t\t<div class=\"elementor-button-wrapper\">\n\t\t\t\t\t<a class=\"elementor-button elementor-button-link elementor-size-sm\" href=\"https:\/\/goodheartedbooks.com\/fr\/soumission-de-manuscrit\/\">\n\t\t\t\t\t\t<span class=\"elementor-button-content-wrapper\">\n\t\t\t\t\t\t\t\t\t<span class=\"elementor-button-text\">Soumettez votres manuscrit<\/span>\n\t\t\t\t\t<\/span>\n\t\t\t\t\t<\/a>\n\t\t\t\t<\/div>\n\t\t\t\t\t\t\t\t<\/div>\n\t\t\t\t<\/div>\n\t\t\t\t\t<\/div>\n\t\t<\/div>\n\t\t\t\t<div class=\"elementor-column elementor-col-50 elementor-inner-column elementor-element elementor-element-f46089c exad-glass-effect-no exad-sticky-section-no\" data-id=\"f46089c\" data-element_type=\"column\" data-e-type=\"column\">\n\t\t\t<div class=\"elementor-widget-wrap elementor-element-populated\">\n\t\t\t\t\t\t<div class=\"elementor-element elementor-element-eceef3a elementor-align-center exad-sticky-section-no exad-glass-effect-no elementor-widget elementor-widget-button\" data-id=\"eceef3a\" data-element_type=\"widget\" data-e-type=\"widget\" data-widget_type=\"button.default\">\n\t\t\t\t<div class=\"elementor-widget-container\">\n\t\t\t\t\t\t\t\t\t<div class=\"elementor-button-wrapper\">\n\t\t\t\t\t<a class=\"elementor-button elementor-button-link elementor-size-sm\" href=\"https:\/\/goodheartedbooks.com\/fr\/livres-pour-enfants\/\">\n\t\t\t\t\t\t<span class=\"elementor-button-content-wrapper\">\n\t\t\t\t\t\t\t\t\t<span class=\"elementor-button-text\">D\u00e9couvrez nos livres<\/span>\n\t\t\t\t\t<\/span>\n\t\t\t\t\t<\/a>\n\t\t\t\t<\/div>\n\t\t\t\t\t\t\t\t<\/div>\n\t\t\t\t<\/div>\n\t\t\t\t\t<\/div>\n\t\t<\/div>\n\t\t\t\t\t<\/div>\n\t\t<\/section>\n\t\t\t\t\t<\/div>\n\t\t<\/div>\n\t\t\t\t\t<\/div>\n\t\t<\/section>\n\t\t\t\t<section data-exad-particle-enable=\"false\" class=\"elementor-section elementor-top-section elementor-element elementor-element-e6d4634 elementor-section-height-min-height elementor-hidden-desktop elementor-hidden-tablet elementor-hidden-mobile elementor-section-boxed elementor-section-height-default elementor-section-items-middle exad-parallax-effect-no exad-background-color-change-no exad-glass-effect-no exad-sticky-section-no\" data-id=\"e6d4634\" data-element_type=\"section\" data-e-type=\"section\" data-settings=\"{&quot;background_background&quot;:&quot;classic&quot;}\">\n\t\t\t\t\t\t<div class=\"elementor-container elementor-column-gap-default\">\n\t\t\t\t\t<div class=\"elementor-column elementor-col-100 elementor-top-column elementor-element elementor-element-c32c06c exad-glass-effect-no exad-sticky-section-no\" data-id=\"c32c06c\" data-element_type=\"column\" data-e-type=\"column\">\n\t\t\t<div class=\"elementor-widget-wrap elementor-element-populated\">\n\t\t\t\t\t\t<div class=\"elementor-element elementor-element-c1bdf7c exad-sticky-section-no exad-glass-effect-no elementor-widget elementor-widget-heading\" data-id=\"c1bdf7c\" data-element_type=\"widget\" data-e-type=\"widget\" data-widget_type=\"heading.default\">\n\t\t\t\t<div class=\"elementor-widget-container\">\n\t\t\t\t\t<h2 class=\"elementor-heading-title elementor-size-default\">Nous aspirons \u00e0 b\u00e2tir la soci\u00e9t\u00e9 de demain<\/h2>\t\t\t\t<\/div>\n\t\t\t\t<\/div>\n\t\t\t\t<div class=\"elementor-element elementor-element-2553124 exad-sticky-section-no exad-glass-effect-no elementor-widget elementor-widget-heading\" data-id=\"2553124\" data-element_type=\"widget\" data-e-type=\"widget\" data-widget_type=\"heading.default\">\n\t\t\t\t<div class=\"elementor-widget-container\">\n\t\t\t\t\t<p class=\"elementor-heading-title elementor-size-default\">Une soci\u00e9t\u00e9 o\u00f9 l\u2019ouverture, l\u2019amour et la bienveillance<br> priment et transcendent les fronti\u00e8res, les races et les religions.<\/p>\t\t\t\t<\/div>\n\t\t\t\t<\/div>\n\t\t\t\t<section data-exad-particle-enable=\"false\" class=\"elementor-section elementor-inner-section elementor-element elementor-element-42afa94 elementor-section-height-min-height elementor-section-content-middle elementor-section-boxed elementor-section-height-default exad-parallax-effect-no exad-background-color-change-no exad-glass-effect-no exad-sticky-section-no\" data-id=\"42afa94\" data-element_type=\"section\" data-e-type=\"section\">\n\t\t\t\t\t\t<div class=\"elementor-container elementor-column-gap-default\">\n\t\t\t\t\t<div class=\"elementor-column elementor-col-50 elementor-inner-column elementor-element elementor-element-78a6da3 exad-glass-effect-no exad-sticky-section-no\" data-id=\"78a6da3\" data-element_type=\"column\" data-e-type=\"column\">\n\t\t\t<div class=\"elementor-widget-wrap elementor-element-populated\">\n\t\t\t\t\t\t<div class=\"elementor-element elementor-element-10bbc9a elementor-position-left elementor-vertical-align-middle exad-sticky-section-no exad-glass-effect-no elementor-widget elementor-widget-image-box\" data-id=\"10bbc9a\" data-element_type=\"widget\" data-e-type=\"widget\" data-widget_type=\"image-box.default\">\n\t\t\t\t<div class=\"elementor-widget-container\">\n\t\t\t\t\t<div class=\"elementor-image-box-wrapper\"><figure class=\"elementor-image-box-img\"><img fetchpriority=\"high\" decoding=\"async\" width=\"400\" height=\"400\" src=\"https:\/\/goodheartedbooks.com\/wp-content\/uploads\/2021\/06\/GHB-Good-Deeds-visitez-1.png\" class=\"attachment-full size-full wp-image-279\" alt=\"\" srcset=\"https:\/\/goodheartedbooks.com\/wp-content\/uploads\/2021\/06\/GHB-Good-Deeds-visitez-1.png 400w, https:\/\/goodheartedbooks.com\/wp-content\/uploads\/2021\/06\/GHB-Good-Deeds-visitez-1-300x300.png 300w, https:\/\/goodheartedbooks.com\/wp-content\/uploads\/2021\/06\/GHB-Good-Deeds-visitez-1-150x150.png 150w\" sizes=\"(max-width: 400px) 100vw, 400px\" \/><\/figure><div class=\"elementor-image-box-content\"><p class=\"elementor-image-box-description\">Demandez \u00e0 Dieu de soulager la douleur des handicap\u00e9s <\/p><\/div><\/div>\t\t\t\t<\/div>\n\t\t\t\t<\/div>\n\t\t\t\t\t<\/div>\n\t\t<\/div>\n\t\t\t\t<div class=\"elementor-column elementor-col-50 elementor-inner-column elementor-element elementor-element-7320b70 exad-glass-effect-no exad-sticky-section-no\" data-id=\"7320b70\" data-element_type=\"column\" data-e-type=\"column\">\n\t\t\t<div class=\"elementor-widget-wrap elementor-element-populated\">\n\t\t\t\t\t\t<div class=\"elementor-element elementor-element-9dc56c1 elementor-position-left elementor-vertical-align-middle exad-sticky-section-no exad-glass-effect-no elementor-widget elementor-widget-image-box\" data-id=\"9dc56c1\" data-element_type=\"widget\" data-e-type=\"widget\" data-widget_type=\"image-box.default\">\n\t\t\t\t<div class=\"elementor-widget-container\">\n\t\t\t\t\t<div class=\"elementor-image-box-wrapper\"><figure class=\"elementor-image-box-img\"><img decoding=\"async\" width=\"400\" height=\"400\" src=\"https:\/\/goodheartedbooks.com\/wp-content\/uploads\/2021\/06\/GHB-Good-Deeds-remerciez-dieu-1.png\" class=\"attachment-full size-full wp-image-278\" alt=\"\" srcset=\"https:\/\/goodheartedbooks.com\/wp-content\/uploads\/2021\/06\/GHB-Good-Deeds-remerciez-dieu-1.png 400w, https:\/\/goodheartedbooks.com\/wp-content\/uploads\/2021\/06\/GHB-Good-Deeds-remerciez-dieu-1-300x300.png 300w, https:\/\/goodheartedbooks.com\/wp-content\/uploads\/2021\/06\/GHB-Good-Deeds-remerciez-dieu-1-150x150.png 150w\" sizes=\"(max-width: 400px) 100vw, 400px\" \/><\/figure><div class=\"elementor-image-box-content\"><p class=\"elementor-image-box-description\">Faites votre part pour garder votre quartier propre. Ramassez les d\u00e9chets que vous trouvez sur le sol et mettez-les \u00e0 la poubelle. <\/p><\/div><\/div>\t\t\t\t<\/div>\n\t\t\t\t<\/div>\n\t\t\t\t\t<\/div>\n\t\t<\/div>\n\t\t\t\t\t<\/div>\n\t\t<\/section>\n\t\t\t\t\t<\/div>\n\t\t<\/div>\n\t\t\t\t\t<\/div>\n\t\t<\/section>\n\t\t\t\t<\/div>\n\t\t","protected":false},"excerpt":{"rendered":"<p>les auteurs de nos livres Bachar Karroum L&#8217;un des principaux auteurs de GoodHearted Books, Bachar a d\u00e9couvert le monde de l&#8217;\u00e9criture \u00e0 l&#8217;\u00e2ge adulte. \u00ab C&#8217;est au cours de mes \u00e9tudes sup\u00e9rieures qu&#8217;est n\u00e9 mon d\u00e9sir de simplifier, de d\u00e9mocratiser et de rendre accessibles aux jeunes les concepts les plus complexes, raconte-t-il. \u00ab Et de [&hellip;]<\/p>\n","protected":false},"author":1,"featured_media":0,"parent":0,"menu_order":0,"comment_status":"closed","ping_status":"closed","template":"","meta":{"footnotes":""},"class_list":["post-1835","page","type-page","status-publish","hentry"],"_links":{"self":[{"href":"https:\/\/goodheartedbooks.com\/fr\/wp-json\/wp\/v2\/pages\/1835","targetHints":{"allow":["GET"]}}],"collection":[{"href":"https:\/\/goodheartedbooks.com\/fr\/wp-json\/wp\/v2\/pages"}],"about":[{"href":"https:\/\/goodheartedbooks.com\/fr\/wp-json\/wp\/v2\/types\/page"}],"author":[{"embeddable":true,"href":"https:\/\/goodheartedbooks.com\/fr\/wp-json\/wp\/v2\/users\/1"}],"replies":[{"embeddable":true,"href":"https:\/\/goodheartedbooks.com\/fr\/wp-json\/wp\/v2\/comments?post=1835"}],"version-history":[{"count":61,"href":"https:\/\/goodheartedbooks.com\/fr\/wp-json\/wp\/v2\/pages\/1835\/revisions"}],"predecessor-version":[{"id":2338,"href":"https:\/\/goodheartedbooks.com\/fr\/wp-json\/wp\/v2\/pages\/1835\/revisions\/2338"}],"wp:attachment":[{"href":"https:\/\/goodheartedbooks.com\/fr\/wp-json\/wp\/v2\/media?parent=1835"}],"curies":[{"name":"wp","href":"https:\/\/api.w.org\/{rel}","templated":true}]}}